{"id":2946,"date":"2025-06-05T09:47:54","date_gmt":"2025-06-05T04:17:54","guid":{"rendered":"https:\/\/tanshcreative.com\/mellow-wp\/?page_id=2946"},"modified":"2025-07-19T14:31:47","modified_gmt":"2025-07-19T19:31:47","slug":"servicios","status":"publish","type":"page","link":"https:\/\/w7estudio.com\/index.php\/servicios\/","title":{"rendered":"Servicios"},"content":{"rendered":"\t\t<div data-elementor-type=\"wp-page\" data-elementor-id=\"2946\" class=\"elementor elementor-2946\" data-elementor-post-type=\"page\">\n\t\t\t\t<div class=\"elementor-element elementor-element-6b42461 e-flex e-con-boxed e-con e-parent\" data-id=\"6b42461\" data-element_type=\"container\">\n\t\t\t\t\t<div class=\"e-con-inner\">\n\t\t<div class=\"elementor-element elementor-element-1d7bea3 e-grid e-con-full e-con e-child\" data-id=\"1d7bea3\" data-element_type=\"container\">\n\t\t\t\t<div class=\"elementor-element elementor-element-c755d41 elementor-widget elementor-widget-dtr-servicebox\" data-id=\"c755d41\" data-element_type=\"widget\" data-widget_type=\"dtr-servicebox.default\">\n\t\t\t\t<div class=\"elementor-widget-container\">\n\t\t\t\t\t        <div class=\"dtr-servicebox dtr-radius--rounded\">\r\n\t\t\t<div class=\"dtr-servicebox__head\">\t\t\t\r\n\t\t\t\t<div class=\"dtr-icon dtr-servicebox__icon\">\r\n\t\t\t\t\t\t\t\t\t\t\t\t<i class=\"icon-circle-half\" aria-hidden=\"true\"><\/i>\r\n\t\t\t\t\t\t\t\t\t<\/div>\r\n\t\t\t\t\t\t\t\t\t<h3 class=\"dtr-servicebox__heading\">Identidad Visual<\/h3>\r\n\t\t\t\t\t\t\t\t\t\t\t\t<a class=\"dtr-servicebox__link\" href=\"https:\/\/w7estudio.com\/index.php\/identidad-visual\/\" role=\"button\"><\/a>\r\n\t\t\t\t \r\n\t\t\t<\/div>\r\n            <div class=\"dtr-servicebox__content\">               \r\n                                     Creamos identidades de marca s\u00f3lidas que comunican la esencia de tu negocio, generando una conexi\u00f3n memorable con tu audiencia y destac\u00e1ndote en el mercado.                            <\/div>\t\t              \r\n\t\t\t\t\t\t<div class=\"dtr-servicebox__keywords\"> \r\n\t\t\t\t<span class=\"dtr-servicebox__keyword \">Dise\u00f1o de Logotipo<\/span><span class=\"dtr-servicebox__keyword \">aplicaciones de marca<\/span><span class=\"dtr-servicebox__keyword \">manual de identidad<\/span><span class=\"dtr-servicebox__keyword \">packaging<\/span>\t\t\t<\/div>\r\n\t\t\t          \r\n        <\/div>\r\n\t\t\t\t<\/div>\n\t\t\t\t<\/div>\n\t\t\t\t<div class=\"elementor-element elementor-element-937c1e9 elementor-widget elementor-widget-dtr-servicebox\" data-id=\"937c1e9\" data-element_type=\"widget\" data-widget_type=\"dtr-servicebox.default\">\n\t\t\t\t<div class=\"elementor-widget-container\">\n\t\t\t\t\t        <div class=\"dtr-servicebox dtr-radius--rounded\">\r\n\t\t\t<div class=\"dtr-servicebox__head\">\t\t\t\r\n\t\t\t\t<div class=\"dtr-icon dtr-servicebox__icon\">\r\n\t\t\t\t\t\t\t\t\t\t\t\t<i class=\"icon-rocket-takeoff-fill\" aria-hidden=\"true\"><\/i>\r\n\t\t\t\t\t\t\t\t\t<\/div>\r\n\t\t\t\t\t\t\t\t\t<h3 class=\"dtr-servicebox__heading\">Social Media<\/h3>\r\n\t\t\t\t\t\t\t\t\t\t\t\t<a class=\"dtr-servicebox__link\" href=\"https:\/\/w7estudio.com\/index.php\/social-media\/\" role=\"button\"><\/a>\r\n\t\t\t\t \r\n\t\t\t<\/div>\r\n            <div class=\"dtr-servicebox__content\">               \r\n                                     Dise\u00f1amos contenidos visuales estrat\u00e9gicos para redes sociales que captan la atenci\u00f3n, fortalecen tu marca y conectan con tu comunidad.                            <\/div>\t\t              \r\n\t\t\t\t\t\t<div class=\"dtr-servicebox__keywords\"> \r\n\t\t\t\t<span class=\"dtr-servicebox__keyword \">dise\u00f1o publicitario<\/span><span class=\"dtr-servicebox__keyword \">Optimizaci\u00f3n  de perfil<\/span><span class=\"dtr-servicebox__keyword \">contenido para redes sociales<\/span>\t\t\t<\/div>\r\n\t\t\t          \r\n        <\/div>\r\n\t\t\t\t<\/div>\n\t\t\t\t<\/div>\n\t\t\t\t<div class=\"elementor-element elementor-element-cc65813 elementor-widget elementor-widget-dtr-servicebox\" data-id=\"cc65813\" data-element_type=\"widget\" data-widget_type=\"dtr-servicebox.default\">\n\t\t\t\t<div class=\"elementor-widget-container\">\n\t\t\t\t\t        <div class=\"dtr-servicebox dtr-radius--rounded\">\r\n\t\t\t<div class=\"dtr-servicebox__head\">\t\t\t\r\n\t\t\t\t<div class=\"dtr-icon dtr-servicebox__icon\">\r\n\t\t\t\t\t\t\t\t\t\t\t\t<i class=\"icon-box-fill\" aria-hidden=\"true\"><\/i>\r\n\t\t\t\t\t\t\t\t\t<\/div>\r\n\t\t\t\t\t\t\t\t\t<h3 class=\"dtr-servicebox__heading\">Dise\u00f1o de Interfaces<\/h3>\r\n\t\t\t\t\t\t\t\t\t\t\t\t<a class=\"dtr-servicebox__link\" href=\"https:\/\/w7estudio.com\/index.php\/diseno-de-interfaces\/\" role=\"button\"><\/a>\r\n\t\t\t\t \r\n\t\t\t<\/div>\r\n            <div class=\"dtr-servicebox__content\">               \r\n                                     Creamos interfaces digitales atractivas y funcionales que mejoran la experiencia del usuario, enfoc\u00e1ndonos en est\u00e9tica, navegaci\u00f3n y usabilidad.                            <\/div>\t\t              \r\n\t\t\t\t\t\t<div class=\"dtr-servicebox__keywords\"> \r\n\t\t\t\t<span class=\"dtr-servicebox__keyword \">Dise\u00f1o visual de interfaces (UI)<\/span><span class=\"dtr-servicebox__keyword \">Prototipado interactivo<\/span><span class=\"dtr-servicebox__keyword \">Optimizaci\u00f3n de experiencia de usuario (UX)<\/span>\t\t\t<\/div>\r\n\t\t\t          \r\n        <\/div>\r\n\t\t\t\t<\/div>\n\t\t\t\t<\/div>\n\t\t\t\t<div class=\"elementor-element elementor-element-f47b2b5 elementor-widget elementor-widget-dtr-servicebox\" data-id=\"f47b2b5\" data-element_type=\"widget\" data-widget_type=\"dtr-servicebox.default\">\n\t\t\t\t<div class=\"elementor-widget-container\">\n\t\t\t\t\t        <div class=\"dtr-servicebox dtr-radius--rounded\">\r\n\t\t\t<div class=\"dtr-servicebox__head\">\t\t\t\r\n\t\t\t\t<div class=\"dtr-icon dtr-servicebox__icon\">\r\n\t\t\t\t\t\t\t\t\t\t\t\t<i class=\"icon-asterisk\" aria-hidden=\"true\"><\/i>\r\n\t\t\t\t\t\t\t\t\t<\/div>\r\n\t\t\t\t\t\t\t\t\t<h3 class=\"dtr-servicebox__heading\">Desarrollo Web<\/h3>\r\n\t\t\t\t\t\t\t\t\t\t\t\t<a class=\"dtr-servicebox__link\" href=\"https:\/\/w7estudio.com\/index.php\/desarrollo-web\/\" role=\"button\"><\/a>\r\n\t\t\t\t \r\n\t\t\t<\/div>\r\n            <div class=\"dtr-servicebox__content\">               \r\n                                     Desarrollamos sitios web modernos y responsivos que combinan un dise\u00f1o atractivo con una funcionalidad eficiente, optimizados para ofrecer mejores resultados, atraer a m\u00e1s usuarios y posicionar tu negocio online de forma efectiva.                            <\/div>\t\t              \r\n\t\t\t\t\t\t<div class=\"dtr-servicebox__keywords\"> \r\n\t\t\t\t<span class=\"dtr-servicebox__keyword \">Dise\u00f1o y desarrollo de p\u00e1ginas web<\/span><span class=\"dtr-servicebox__keyword \">Optimizaci\u00f3n SEO y rendimiento web<\/span>\t\t\t<\/div>\r\n\t\t\t          \r\n        <\/div>\r\n\t\t\t\t<\/div>\n\t\t\t\t<\/div>\n\t\t\t\t<\/div>\n\t\t\t\t\t<\/div>\n\t\t\t\t<\/div>\n\t\t<div class=\"elementor-element elementor-element-e37b97e e-con-full e-flex e-con e-child\" data-id=\"e37b97e\" data-element_type=\"container\">\n\t\t\t\t<div class=\"elementor-element elementor-element-ba11374 elementor-align-center elementor-widget elementor-widget-dtr-heading\" data-id=\"ba11374\" data-element_type=\"widget\" data-widget_type=\"dtr-heading.default\">\n\t\t\t\t<div class=\"elementor-widget-container\">\n\t\t\t\t\t\t\t<div class=\"dtr-heading-wrapper\">\r\n                \t<h5 class=\"dtr-heading\">Hablemos de tu Proyecto.<\/h5>\r\n        \t\t<\/div>\r\n\t\t\t\t<\/div>\n\t\t\t\t<\/div>\n\t\t\t\t<div class=\"elementor-element elementor-element-0cfe8ca elementor-widget elementor-widget-button\" data-id=\"0cfe8ca\" data-element_type=\"widget\" data-widget_type=\"button.default\">\n\t\t\t\t\t\t\t\t\t\t<a class=\"elementor-button elementor-button-link elementor-size-sm\" href=\"https:\/\/wa.link\/cj7p6t\">\n\t\t\t\t\t\t<span class=\"elementor-button-content-wrapper\">\n\t\t\t\t\t\t\t\t\t<span class=\"elementor-button-text\">CONTACTANOS<\/span>\n\t\t\t\t\t<\/span>\n\t\t\t\t\t<\/a>\n\t\t\t\t\t\t\t\t<\/div>\n\t\t\t\t<\/div>\n\t\t\t\t<\/div>\n\t\t","protected":false},"excerpt":{"rendered":"<p>Identidad Visual Creamos identidades de marca s\u00f3lidas que comunican la esencia de tu negocio, generando una conexi\u00f3n memorable con tu audiencia y destac\u00e1ndote en el mercado. Dise\u00f1o de Logotipoaplicaciones de marcamanual de identidadpackaging Social Media Dise\u00f1amos contenidos visuales estrat\u00e9gicos para redes sociales que captan la atenci\u00f3n, fortalecen tu marca y conectan con tu comunidad. dise\u00f1o [&hellip;]<\/p>\n","protected":false},"author":1,"featured_media":0,"parent":0,"menu_order":0,"comment_status":"closed","ping_status":"closed","template":"","meta":{"footnotes":""},"class_list":["post-2946","page","type-page","status-publish","hentry"],"_links":{"self":[{"href":"https:\/\/w7estudio.com\/index.php\/wp-json\/wp\/v2\/pages\/2946","targetHints":{"allow":["GET"]}}],"collection":[{"href":"https:\/\/w7estudio.com\/index.php\/wp-json\/wp\/v2\/pages"}],"about":[{"href":"https:\/\/w7estudio.com\/index.php\/wp-json\/wp\/v2\/types\/page"}],"author":[{"embeddable":true,"href":"https:\/\/w7estudio.com\/index.php\/wp-json\/wp\/v2\/users\/1"}],"replies":[{"embeddable":true,"href":"https:\/\/w7estudio.com\/index.php\/wp-json\/wp\/v2\/comments?post=2946"}],"version-history":[{"count":5,"href":"https:\/\/w7estudio.com\/index.php\/wp-json\/wp\/v2\/pages\/2946\/revisions"}],"predecessor-version":[{"id":4032,"href":"https:\/\/w7estudio.com\/index.php\/wp-json\/wp\/v2\/pages\/2946\/revisions\/4032"}],"wp:attachment":[{"href":"https:\/\/w7estudio.com\/index.php\/wp-json\/wp\/v2\/media?parent=2946"}],"curies":[{"name":"wp","href":"https:\/\/api.w.org\/{rel}","templated":true}]}}