{"id":2963,"date":"2025-06-05T10:13:57","date_gmt":"2025-06-05T04:43:57","guid":{"rendered":"https:\/\/tanshcreative.com\/mellow-wp\/?page_id=2963"},"modified":"2025-07-20T22:32:06","modified_gmt":"2025-07-21T03:32:06","slug":"identidad-visual","status":"publish","type":"page","link":"https:\/\/w7estudio.com\/index.php\/identidad-visual\/","title":{"rendered":"Identidad Visual"},"content":{"rendered":"\t\t<div data-elementor-type=\"wp-page\" data-elementor-id=\"2963\" class=\"elementor elementor-2963\" data-elementor-post-type=\"page\">\n\t\t\t\t<div class=\"elementor-element elementor-element-f5ea265 e-flex e-con-boxed e-con e-parent\" data-id=\"f5ea265\" data-element_type=\"container\">\n\t\t\t\t\t<div class=\"e-con-inner\">\n\t\t<div class=\"elementor-element elementor-element-101d51b e-con-full e-flex e-con e-child\" data-id=\"101d51b\" data-element_type=\"container\">\n\t\t\t\t<div class=\"elementor-element elementor-element-c265795 elementor-align-left elementor-widget elementor-widget-dtr-heading\" data-id=\"c265795\" data-element_type=\"widget\" data-widget_type=\"dtr-heading.default\">\n\t\t\t\t<div class=\"elementor-widget-container\">\n\t\t\t\t\t\t\t<div class=\"dtr-heading-wrapper\">\r\n                \t<h2 class=\"dtr-heading\">LA IDENTIDAD VISUAL ES ESENCIAL PARA EXPRESAR LA PERSONALIDAD Y LOS VALORES DE UNA MARCA DE FORMA COHERENTE Y RECONOCIBLE.<\/h2>\r\n        \t\t<\/div>\r\n\t\t\t\t<\/div>\n\t\t\t\t<\/div>\n\t\t\t\t<\/div>\n\t\t<div class=\"elementor-element elementor-element-b800a85 e-con-full e-flex e-con e-child\" data-id=\"b800a85\" data-element_type=\"container\">\n\t\t<div class=\"elementor-element elementor-element-5175d18 e-con-full e-flex e-con e-child\" data-id=\"5175d18\" data-element_type=\"container\">\n\t\t\t\t<div class=\"elementor-element elementor-element-fd9f529 elementor-widget elementor-widget-image\" data-id=\"fd9f529\" data-element_type=\"widget\" data-widget_type=\"image.default\">\n\t\t\t\t\t\t\t\t\t\t\t\t\t\t\t<img fetchpriority=\"high\" decoding=\"async\" width=\"2560\" height=\"1707\" src=\"https:\/\/w7estudio.com\/wp-content\/uploads\/2025\/07\/identidad-visual-scaled.jpg\" class=\"attachment-full size-full wp-image-3915\" alt=\"\" srcset=\"https:\/\/w7estudio.com\/wp-content\/uploads\/2025\/07\/identidad-visual-scaled.jpg 2560w, https:\/\/w7estudio.com\/wp-content\/uploads\/2025\/07\/identidad-visual-300x200.jpg 300w, https:\/\/w7estudio.com\/wp-content\/uploads\/2025\/07\/identidad-visual-1024x683.jpg 1024w, https:\/\/w7estudio.com\/wp-content\/uploads\/2025\/07\/identidad-visual-768x512.jpg 768w, https:\/\/w7estudio.com\/wp-content\/uploads\/2025\/07\/identidad-visual-1536x1024.jpg 1536w, https:\/\/w7estudio.com\/wp-content\/uploads\/2025\/07\/identidad-visual-2048x1365.jpg 2048w\" sizes=\"(max-width: 2560px) 100vw, 2560px\" \/>\t\t\t\t\t\t\t\t\t\t\t\t\t\t\t<\/div>\n\t\t\t\t<\/div>\n\t\t<div class=\"elementor-element elementor-element-56fdf88 e-con-full e-flex e-con e-child\" data-id=\"56fdf88\" data-element_type=\"container\">\n\t\t\t\t<div class=\"elementor-element elementor-element-fcf4b0b elementor-align-left elementor-widget elementor-widget-dtr-heading\" data-id=\"fcf4b0b\" data-element_type=\"widget\" data-widget_type=\"dtr-heading.default\">\n\t\t\t\t<div class=\"elementor-widget-container\">\n\t\t\t\t\t\t\t<div class=\"dtr-heading-wrapper\">\r\n                \t<h5 class=\"dtr-heading\">A trav\u00e9s de un dise\u00f1o de identidad visual, se construye una personalidad \u00fanica que conecta con el p\u00fablico.<\/h5>\r\n        \t\t<\/div>\r\n\t\t\t\t<\/div>\n\t\t\t\t<\/div>\n\t\t\t\t<div class=\"elementor-element elementor-element-d086938 elementor-widget elementor-widget-text-editor\" data-id=\"d086938\" data-element_type=\"widget\" data-widget_type=\"text-editor.default\">\n\t\t\t\t\t\t\t\t\t<p>El branding busca consolidar esa identidad de forma coherente en todos los canales, creando reconocimiento, confianza y valor a largo plazo.<\/p>\t\t\t\t\t\t\t\t<\/div>\n\t\t\t\t<div class=\"elementor-element elementor-element-3b3606d elementor-widget elementor-widget-dtr-icon-list\" data-id=\"3b3606d\" data-element_type=\"widget\" data-widget_type=\"dtr-icon-list.default\">\n\t\t\t\t<div class=\"elementor-widget-container\">\n\t\t\t\t\t        <ul class=\"dtr-icon-list dtr-icon-list--icon-default\">\r\n                            <li class=\"dtr-icon-list__list-item\">\r\n                                        <span class=\"dtr-icon dtr-icon-list__icon\">\r\n                                        \t<i class=\"icon-check2-circle\"><\/i>\r\n                                        <\/span>\r\n                     <span class=\"dtr-icon-list__list-text\">Dise\u00f1o de Logotipo<\/span>\r\n                                    <\/li>\r\n                            <li class=\"dtr-icon-list__list-item\">\r\n                                        <span class=\"dtr-icon dtr-icon-list__icon\">\r\n                                        \t<i class=\"icon-check2-circle\"><\/i>\r\n                                        <\/span>\r\n                     <span class=\"dtr-icon-list__list-text\">Manual de Identidad<\/span>\r\n                                    <\/li>\r\n                            <li class=\"dtr-icon-list__list-item\">\r\n                                        <span class=\"dtr-icon dtr-icon-list__icon\">\r\n                                        \t<i class=\"icon-check2-circle\"><\/i>\r\n                                        <\/span>\r\n                     <span class=\"dtr-icon-list__list-text\">Packaging<\/span>\r\n                                    <\/li>\r\n                    <\/ul>\r\n\t\t\t\t<\/div>\n\t\t\t\t<\/div>\n\t\t\t\t<\/div>\n\t\t\t\t<\/div>\n\t\t<div class=\"elementor-element elementor-element-c68e5e0 e-grid e-con-full e-con e-child\" data-id=\"c68e5e0\" data-element_type=\"container\">\n\t\t\t\t<div class=\"elementor-element elementor-element-4d70fc4 elementor-align-left elementor-widget elementor-widget-dtr-heading\" data-id=\"4d70fc4\" data-element_type=\"widget\" data-widget_type=\"dtr-heading.default\">\n\t\t\t\t<div class=\"elementor-widget-container\">\n\t\t\t\t\t\t\t<div class=\"dtr-heading-wrapper\">\r\n                \t<h3 class=\"dtr-heading\">\u00bfC\u00f3mo creamos una marca \u00fanica?<\/h3>\r\n        \t\t<\/div>\r\n\t\t\t\t<\/div>\n\t\t\t\t<\/div>\n\t\t\t\t<\/div>\n\t\t<div class=\"elementor-element elementor-element-0e3d231 e-grid e-con-full e-con e-child\" data-id=\"0e3d231\" data-element_type=\"container\">\n\t\t<div class=\"elementor-element elementor-element-b924728 e-con-full e-grid e-con e-child\" data-id=\"b924728\" data-element_type=\"container\">\n\t\t<div class=\"elementor-element elementor-element-26b78ac e-con-full e-flex e-con e-child\" data-id=\"26b78ac\" data-element_type=\"container\">\n\t\t\t\t<div class=\"elementor-element elementor-element-c7270fc elementor-widget elementor-widget-dtr-iconhead\" data-id=\"c7270fc\" data-element_type=\"widget\" data-widget_type=\"dtr-iconhead.default\">\n\t\t\t\t<div class=\"elementor-widget-container\">\n\t\t\t\t\t        <div class=\"dtr-iconhead dtr-iconhead--align-left dtr-iconhead--style-default  dtr-radius--round\">\r\n        <div class=\"dtr-icon dtr-iconhead__icon\">\r\n                                 <i class=\"icon-box-fill\" aria-hidden=\"true\"><\/i>\r\n                         <\/div>\r\n                        \t<p class=\"dtr-iconhead__heading\">Postura de Marca<\/p>\r\n                        <\/div>\r\n\t\t\t\t<\/div>\n\t\t\t\t<\/div>\n\t\t\t\t<div class=\"elementor-element elementor-element-b87268b elementor-widget elementor-widget-text-editor\" data-id=\"b87268b\" data-element_type=\"widget\" data-widget_type=\"text-editor.default\">\n\t\t\t\t\t\t\t\t\t<p data-start=\"191\" data-end=\"344\">Definimos c\u00f3mo se presenta tu marca al mundo: su personalidad, tono y actitud. Esta postura se refleja visualmente y transmite los valores de tu negocio.<\/p>\t\t\t\t\t\t\t\t<\/div>\n\t\t\t\t<\/div>\n\t\t<div class=\"elementor-element elementor-element-fab9bfe e-con-full e-flex e-con e-child\" data-id=\"fab9bfe\" data-element_type=\"container\">\n\t\t\t\t<div class=\"elementor-element elementor-element-47acbf2 elementor-widget elementor-widget-dtr-iconhead\" data-id=\"47acbf2\" data-element_type=\"widget\" data-widget_type=\"dtr-iconhead.default\">\n\t\t\t\t<div class=\"elementor-widget-container\">\n\t\t\t\t\t        <div class=\"dtr-iconhead dtr-iconhead--align-left dtr-iconhead--style-default  dtr-radius--round\">\r\n        <div class=\"dtr-icon dtr-iconhead__icon\">\r\n                                 <i class=\"icon-person-fill\" aria-hidden=\"true\"><\/i>\r\n                         <\/div>\r\n                        \t<p class=\"dtr-iconhead__heading\">Percepci\u00f3n del Cliente<\/p>\r\n                        <\/div>\r\n\t\t\t\t<\/div>\n\t\t\t\t<\/div>\n\t\t\t\t<div class=\"elementor-element elementor-element-9b63c04 elementor-widget elementor-widget-text-editor\" data-id=\"9b63c04\" data-element_type=\"widget\" data-widget_type=\"text-editor.default\">\n\t\t\t\t\t\t\t\t\t<p data-start=\"387\" data-end=\"530\">Dise\u00f1amos una identidad que se alinee con c\u00f3mo quieres que tu p\u00fablico te perciba, generando una conexi\u00f3n emocional y una experiencia coherente.<\/p>\t\t\t\t\t\t\t\t<\/div>\n\t\t\t\t<\/div>\n\t\t\t\t<\/div>\n\t\t<div class=\"elementor-element elementor-element-40b13dd e-con-full e-grid e-con e-child\" data-id=\"40b13dd\" data-element_type=\"container\">\n\t\t<div class=\"elementor-element elementor-element-d37e0ed e-con-full e-flex e-con e-child\" data-id=\"d37e0ed\" data-element_type=\"container\">\n\t\t\t\t<div class=\"elementor-element elementor-element-60f9f9b elementor-widget elementor-widget-dtr-iconhead\" data-id=\"60f9f9b\" data-element_type=\"widget\" data-widget_type=\"dtr-iconhead.default\">\n\t\t\t\t<div class=\"elementor-widget-container\">\n\t\t\t\t\t        <div class=\"dtr-iconhead dtr-iconhead--align-left dtr-iconhead--style-default  dtr-radius--round\">\r\n        <div class=\"dtr-icon dtr-iconhead__icon\">\r\n                                 <i class=\"icon-bullseye\" aria-hidden=\"true\"><\/i>\r\n                         <\/div>\r\n                        \t<p class=\"dtr-iconhead__heading\">Estrategia Narrativa<\/p>\r\n                        <\/div>\r\n\t\t\t\t<\/div>\n\t\t\t\t<\/div>\n\t\t\t\t<div class=\"elementor-element elementor-element-2ce0893 elementor-widget elementor-widget-text-editor\" data-id=\"2ce0893\" data-element_type=\"widget\" data-widget_type=\"text-editor.default\">\n\t\t\t\t\t\t\t\t\t<p>Creamos una historia visual que une todos los elementos gr\u00e1ficos de tu marca. Desde el logotipo hasta el estilo de im\u00e1genes, cada detalle comunica un prop\u00f3sito.<\/p>\t\t\t\t\t\t\t\t<\/div>\n\t\t\t\t<\/div>\n\t\t<div class=\"elementor-element elementor-element-a0692b0 e-con-full e-flex e-con e-child\" data-id=\"a0692b0\" data-element_type=\"container\">\n\t\t\t\t<div class=\"elementor-element elementor-element-e66d034 elementor-widget elementor-widget-dtr-iconhead\" data-id=\"e66d034\" data-element_type=\"widget\" data-widget_type=\"dtr-iconhead.default\">\n\t\t\t\t<div class=\"elementor-widget-container\">\n\t\t\t\t\t        <div class=\"dtr-iconhead dtr-iconhead--align-left dtr-iconhead--style-default  dtr-radius--round\">\r\n        <div class=\"dtr-icon dtr-iconhead__icon\">\r\n                                 <i class=\"icon-pencil-fill\" aria-hidden=\"true\"><\/i>\r\n                         <\/div>\r\n                        \t<p class=\"dtr-iconhead__heading\">Framework Visual<\/p>\r\n                        <\/div>\r\n\t\t\t\t<\/div>\n\t\t\t\t<\/div>\n\t\t\t\t<div class=\"elementor-element elementor-element-1d834ab elementor-widget elementor-widget-text-editor\" data-id=\"1d834ab\" data-element_type=\"widget\" data-widget_type=\"text-editor.default\">\n\t\t\t\t\t\t\t\t\t<p>Establecemos un sistema gr\u00e1fico consistente: colores, tipograf\u00edas, \u00edconos y estilo visual, aplicables a todos tus canales digitales y f\u00edsicos.<\/p>\t\t\t\t\t\t\t\t<\/div>\n\t\t\t\t<\/div>\n\t\t\t\t<\/div>\n\t\t\t\t<\/div>\n\t\t<div class=\"elementor-element elementor-element-be3a2ed e-con-full e-flex e-con e-child\" data-id=\"be3a2ed\" data-element_type=\"container\" data-settings=\"{&quot;background_background&quot;:&quot;classic&quot;}\">\n\t\t\t\t<div class=\"elementor-element elementor-element-829f803 elementor-align-center elementor-widget elementor-widget-dtr-heading\" data-id=\"829f803\" data-element_type=\"widget\" data-widget_type=\"dtr-heading.default\">\n\t\t\t\t<div class=\"elementor-widget-container\">\n\t\t\t\t\t\t\t<div class=\"dtr-heading-wrapper\">\r\n                \t<h5 class=\"dtr-heading\">Hablemos de tu Proyecto<\/h5>\r\n        \t\t<\/div>\r\n\t\t\t\t<\/div>\n\t\t\t\t<\/div>\n\t\t\t\t<div class=\"elementor-element elementor-element-4c0ff48 elementor-widget elementor-widget-button\" data-id=\"4c0ff48\" data-element_type=\"widget\" data-widget_type=\"button.default\">\n\t\t\t\t\t\t\t\t\t\t<a class=\"elementor-button elementor-button-link elementor-size-sm\" href=\"https:\/\/wa.link\/cj7p6t\">\n\t\t\t\t\t\t<span class=\"elementor-button-content-wrapper\">\n\t\t\t\t\t\t\t\t\t<span class=\"elementor-button-text\">CONTACTANOS<\/span>\n\t\t\t\t\t<\/span>\n\t\t\t\t\t<\/a>\n\t\t\t\t\t\t\t\t<\/div>\n\t\t\t\t<\/div>\n\t\t\t\t\t<\/div>\n\t\t\t\t<\/div>\n\t\t\t\t<\/div>\n\t\t","protected":false},"excerpt":{"rendered":"<p>LA IDENTIDAD VISUAL ES ESENCIAL PARA EXPRESAR LA PERSONALIDAD Y LOS VALORES DE UNA MARCA DE FORMA COHERENTE Y RECONOCIBLE. A trav\u00e9s de un dise\u00f1o de identidad visual, se construye una personalidad \u00fanica que conecta con el p\u00fablico. El branding busca consolidar esa identidad de forma coherente en todos los canales, creando reconocimiento, confianza y [&hellip;]<\/p>\n","protected":false},"author":1,"featured_media":0,"parent":0,"menu_order":0,"comment_status":"closed","ping_status":"closed","template":"","meta":{"footnotes":""},"class_list":["post-2963","page","type-page","status-publish","hentry"],"_links":{"self":[{"href":"https:\/\/w7estudio.com\/index.php\/wp-json\/wp\/v2\/pages\/2963","targetHints":{"allow":["GET"]}}],"collection":[{"href":"https:\/\/w7estudio.com\/index.php\/wp-json\/wp\/v2\/pages"}],"about":[{"href":"https:\/\/w7estudio.com\/index.php\/wp-json\/wp\/v2\/types\/page"}],"author":[{"embeddable":true,"href":"https:\/\/w7estudio.com\/index.php\/wp-json\/wp\/v2\/users\/1"}],"replies":[{"embeddable":true,"href":"https:\/\/w7estudio.com\/index.php\/wp-json\/wp\/v2\/comments?post=2963"}],"version-history":[{"count":50,"href":"https:\/\/w7estudio.com\/index.php\/wp-json\/wp\/v2\/pages\/2963\/revisions"}],"predecessor-version":[{"id":4038,"href":"https:\/\/w7estudio.com\/index.php\/wp-json\/wp\/v2\/pages\/2963\/revisions\/4038"}],"wp:attachment":[{"href":"https:\/\/w7estudio.com\/index.php\/wp-json\/wp\/v2\/media?parent=2963"}],"curies":[{"name":"wp","href":"https:\/\/api.w.org\/{rel}","templated":true}]}}