{"id":2966,"date":"2025-06-05T10:19:37","date_gmt":"2025-06-05T04:49:37","guid":{"rendered":"https:\/\/tanshcreative.com\/mellow-wp\/?page_id=2966"},"modified":"2025-07-20T22:31:05","modified_gmt":"2025-07-21T03:31:05","slug":"social-media","status":"publish","type":"page","link":"https:\/\/w7estudio.com\/index.php\/social-media\/","title":{"rendered":"Social Media"},"content":{"rendered":"\t\t<div data-elementor-type=\"wp-page\" data-elementor-id=\"2966\" class=\"elementor elementor-2966\" data-elementor-post-type=\"page\">\n\t\t\t\t<div class=\"elementor-element elementor-element-8ea5900 e-flex e-con-boxed e-con e-parent\" data-id=\"8ea5900\" data-element_type=\"container\">\n\t\t\t\t\t<div class=\"e-con-inner\">\n\t\t<div class=\"elementor-element elementor-element-5bb8ccd e-con-full e-flex e-con e-child\" data-id=\"5bb8ccd\" data-element_type=\"container\">\n\t\t\t\t<div class=\"elementor-element elementor-element-d9f9c41 elementor-align-left elementor-widget elementor-widget-dtr-heading\" data-id=\"d9f9c41\" data-element_type=\"widget\" data-widget_type=\"dtr-heading.default\">\n\t\t\t\t<div class=\"elementor-widget-container\">\n\t\t\t\t\t\t\t<div class=\"dtr-heading-wrapper\">\r\n                \t<h2 class=\"dtr-heading\">Dise\u00f1o de contenido para redes sociales con identidad y estrategia visual<\/h2>\r\n        \t\t<\/div>\r\n\t\t\t\t<\/div>\n\t\t\t\t<\/div>\n\t\t\t\t<\/div>\n\t\t<div class=\"elementor-element elementor-element-b1ef786 e-con-full e-flex e-con e-child\" data-id=\"b1ef786\" data-element_type=\"container\">\n\t\t<div class=\"elementor-element elementor-element-054f72d e-con-full e-flex e-con e-child\" data-id=\"054f72d\" data-element_type=\"container\">\n\t\t\t\t<div class=\"elementor-element elementor-element-e1fc4ea elementor-widget elementor-widget-image\" data-id=\"e1fc4ea\" data-element_type=\"widget\" data-widget_type=\"image.default\">\n\t\t\t\t\t\t\t\t\t\t\t\t\t\t\t<img fetchpriority=\"high\" decoding=\"async\" width=\"2560\" height=\"1707\" src=\"https:\/\/w7estudio.com\/wp-content\/uploads\/2025\/07\/social-media-scaled.jpg\" class=\"attachment-full size-full wp-image-3957\" alt=\"\" srcset=\"https:\/\/w7estudio.com\/wp-content\/uploads\/2025\/07\/social-media-scaled.jpg 2560w, https:\/\/w7estudio.com\/wp-content\/uploads\/2025\/07\/social-media-300x200.jpg 300w, https:\/\/w7estudio.com\/wp-content\/uploads\/2025\/07\/social-media-1024x683.jpg 1024w, https:\/\/w7estudio.com\/wp-content\/uploads\/2025\/07\/social-media-768x512.jpg 768w, https:\/\/w7estudio.com\/wp-content\/uploads\/2025\/07\/social-media-1536x1024.jpg 1536w, https:\/\/w7estudio.com\/wp-content\/uploads\/2025\/07\/social-media-2048x1365.jpg 2048w\" sizes=\"(max-width: 2560px) 100vw, 2560px\" \/>\t\t\t\t\t\t\t\t\t\t\t\t\t\t\t<\/div>\n\t\t\t\t<\/div>\n\t\t<div class=\"elementor-element elementor-element-5e11a77 e-con-full e-flex e-con e-child\" data-id=\"5e11a77\" data-element_type=\"container\">\n\t\t\t\t<div class=\"elementor-element elementor-element-92e6ba5 elementor-align-left elementor-widget elementor-widget-dtr-heading\" data-id=\"92e6ba5\" data-element_type=\"widget\" data-widget_type=\"dtr-heading.default\">\n\t\t\t\t<div class=\"elementor-widget-container\">\n\t\t\t\t\t\t\t<div class=\"dtr-heading-wrapper\">\r\n                \t<h5 class=\"dtr-heading\">Creamos contenido visual atractivo y coherente con la identidad de tu marca para destacar en redes sociales.<\/h5>\r\n        \t\t<\/div>\r\n\t\t\t\t<\/div>\n\t\t\t\t<\/div>\n\t\t\t\t<div class=\"elementor-element elementor-element-5b97152 elementor-widget elementor-widget-text-editor\" data-id=\"5b97152\" data-element_type=\"widget\" data-widget_type=\"text-editor.default\">\n\t\t\t\t\t\t\t\t\t<p>Cada dise\u00f1o est\u00e1 pensado estrat\u00e9gicamente para conectar con tu audiencia, generar recordaci\u00f3n y transmitir profesionalismo en cada publicaci\u00f3n.<\/p>\t\t\t\t\t\t\t\t<\/div>\n\t\t\t\t<div class=\"elementor-element elementor-element-313afdf elementor-widget elementor-widget-dtr-icon-list\" data-id=\"313afdf\" data-element_type=\"widget\" data-widget_type=\"dtr-icon-list.default\">\n\t\t\t\t<div class=\"elementor-widget-container\">\n\t\t\t\t\t        <ul class=\"dtr-icon-list dtr-icon-list--icon-default\">\r\n                            <li class=\"dtr-icon-list__list-item\">\r\n                                        <span class=\"dtr-icon dtr-icon-list__icon\">\r\n                                        \t<i class=\"icon-check2-circle\"><\/i>\r\n                                        <\/span>\r\n                     <span class=\"dtr-icon-list__list-text\">Dise\u00f1os para Redes Sociales<\/span>\r\n                                    <\/li>\r\n                            <li class=\"dtr-icon-list__list-item\">\r\n                                        <span class=\"dtr-icon dtr-icon-list__icon\">\r\n                                        \t<i class=\"icon-check2-circle\"><\/i>\r\n                                        <\/span>\r\n                     <span class=\"dtr-icon-list__list-text\">Dise\u00f1os para promociones, lanzamientos y campa\u00f1as<\/span>\r\n                                    <\/li>\r\n                            <li class=\"dtr-icon-list__list-item\">\r\n                                        <span class=\"dtr-icon dtr-icon-list__icon\">\r\n                                        \t<i class=\"icon-check2-circle\"><\/i>\r\n                                        <\/span>\r\n                     <span class=\"dtr-icon-list__list-text\">Adaptaci\u00f3n visual al estilo de la marca<\/span>\r\n                                    <\/li>\r\n                    <\/ul>\r\n\t\t\t\t<\/div>\n\t\t\t\t<\/div>\n\t\t\t\t<\/div>\n\t\t\t\t<\/div>\n\t\t<div class=\"elementor-element elementor-element-d36dbb7 e-grid e-con-full e-con e-child\" data-id=\"d36dbb7\" data-element_type=\"container\">\n\t\t\t\t<div class=\"elementor-element elementor-element-7f1f773 elementor-align-left elementor-widget elementor-widget-dtr-heading\" data-id=\"7f1f773\" data-element_type=\"widget\" data-widget_type=\"dtr-heading.default\">\n\t\t\t\t<div class=\"elementor-widget-container\">\n\t\t\t\t\t\t\t<div class=\"dtr-heading-wrapper\">\r\n                \t<h3 class=\"dtr-heading\">\u00bfC\u00f3mo es nuestro proceso de Dise\u00f1o?<\/h3>\r\n        \t\t<\/div>\r\n\t\t\t\t<\/div>\n\t\t\t\t<\/div>\n\t\t\t\t<\/div>\n\t\t<div class=\"elementor-element elementor-element-339a493 e-grid e-con-full e-con e-child\" data-id=\"339a493\" data-element_type=\"container\">\n\t\t<div class=\"elementor-element elementor-element-64d9105 e-con-full e-grid e-con e-child\" data-id=\"64d9105\" data-element_type=\"container\">\n\t\t<div class=\"elementor-element elementor-element-6084fe6 e-con-full e-flex e-con e-child\" data-id=\"6084fe6\" data-element_type=\"container\">\n\t\t\t\t<div class=\"elementor-element elementor-element-8bae751 elementor-widget elementor-widget-dtr-iconhead\" data-id=\"8bae751\" data-element_type=\"widget\" data-widget_type=\"dtr-iconhead.default\">\n\t\t\t\t<div class=\"elementor-widget-container\">\n\t\t\t\t\t        <div class=\"dtr-iconhead dtr-iconhead--align-left dtr-iconhead--style-default  dtr-radius--round\">\r\n        <div class=\"dtr-icon dtr-iconhead__icon\">\r\n                                 <i class=\"icon-box-fill\" aria-hidden=\"true\"><\/i>\r\n                         <\/div>\r\n                        \t<p class=\"dtr-iconhead__heading\">Voz y Tono de Marca<\/p>\r\n                        <\/div>\r\n\t\t\t\t<\/div>\n\t\t\t\t<\/div>\n\t\t\t\t<div class=\"elementor-element elementor-element-f187143 elementor-widget elementor-widget-text-editor\" data-id=\"f187143\" data-element_type=\"widget\" data-widget_type=\"text-editor.default\">\n\t\t\t\t\t\t\t\t\t<p data-start=\"191\" data-end=\"359\">Definimos c\u00f3mo habla tu marca en redes: su lenguaje, estilo y personalidad. Esto permite que cada publicaci\u00f3n se sienta aut\u00e9ntica, cercana y coherente con tu identidad.<\/p>\t\t\t\t\t\t\t\t<\/div>\n\t\t\t\t<\/div>\n\t\t<div class=\"elementor-element elementor-element-84710df e-con-full e-flex e-con e-child\" data-id=\"84710df\" data-element_type=\"container\">\n\t\t\t\t<div class=\"elementor-element elementor-element-d92bbd5 elementor-widget elementor-widget-dtr-iconhead\" data-id=\"d92bbd5\" data-element_type=\"widget\" data-widget_type=\"dtr-iconhead.default\">\n\t\t\t\t<div class=\"elementor-widget-container\">\n\t\t\t\t\t        <div class=\"dtr-iconhead dtr-iconhead--align-left dtr-iconhead--style-default  dtr-radius--round\">\r\n        <div class=\"dtr-icon dtr-iconhead__icon\">\r\n                                 <i class=\"icon-person-fill\" aria-hidden=\"true\"><\/i>\r\n                         <\/div>\r\n                        \t<p class=\"dtr-iconhead__heading\">Percepci\u00f3n Digital<\/p>\r\n                        <\/div>\r\n\t\t\t\t<\/div>\n\t\t\t\t<\/div>\n\t\t\t\t<div class=\"elementor-element elementor-element-8c44e9a elementor-widget elementor-widget-text-editor\" data-id=\"8c44e9a\" data-element_type=\"widget\" data-widget_type=\"text-editor.default\">\n\t\t\t\t\t\t\t\t\t<p data-start=\"398\" data-end=\"537\">Dise\u00f1amos una estrategia que conecta con tus seguidores y posiciona tu marca como relevante, profesional y confiable en el entorno digital.<\/p>\t\t\t\t\t\t\t\t<\/div>\n\t\t\t\t<\/div>\n\t\t\t\t<\/div>\n\t\t<div class=\"elementor-element elementor-element-f6d4114 e-con-full e-grid e-con e-child\" data-id=\"f6d4114\" data-element_type=\"container\">\n\t\t<div class=\"elementor-element elementor-element-ef203b2 e-con-full e-flex e-con e-child\" data-id=\"ef203b2\" data-element_type=\"container\">\n\t\t\t\t<div class=\"elementor-element elementor-element-8dfadb2 elementor-widget elementor-widget-dtr-iconhead\" data-id=\"8dfadb2\" data-element_type=\"widget\" data-widget_type=\"dtr-iconhead.default\">\n\t\t\t\t<div class=\"elementor-widget-container\">\n\t\t\t\t\t        <div class=\"dtr-iconhead dtr-iconhead--align-left dtr-iconhead--style-default  dtr-radius--round\">\r\n        <div class=\"dtr-icon dtr-iconhead__icon\">\r\n                                 <i class=\"icon-bullseye\" aria-hidden=\"true\"><\/i>\r\n                         <\/div>\r\n                        \t<p class=\"dtr-iconhead__heading\">L\u00ednea de Contenido<\/p>\r\n                        <\/div>\r\n\t\t\t\t<\/div>\n\t\t\t\t<\/div>\n\t\t\t\t<div class=\"elementor-element elementor-element-44ba1a4 elementor-widget elementor-widget-text-editor\" data-id=\"44ba1a4\" data-element_type=\"widget\" data-widget_type=\"text-editor.default\">\n\t\t\t\t\t\t\t\t\t<p data-start=\"576\" data-end=\"726\">Creamos pilares de contenido alineados a tus objetivos de negocio: ventas, posicionamiento, comunidad o educaci\u00f3n. Cada post tiene un prop\u00f3sito claro.<\/p>\t\t\t\t\t\t\t\t<\/div>\n\t\t\t\t<\/div>\n\t\t<div class=\"elementor-element elementor-element-7161a57 e-con-full e-flex e-con e-child\" data-id=\"7161a57\" data-element_type=\"container\">\n\t\t\t\t<div class=\"elementor-element elementor-element-f75ce98 elementor-widget elementor-widget-dtr-iconhead\" data-id=\"f75ce98\" data-element_type=\"widget\" data-widget_type=\"dtr-iconhead.default\">\n\t\t\t\t<div class=\"elementor-widget-container\">\n\t\t\t\t\t        <div class=\"dtr-iconhead dtr-iconhead--align-left dtr-iconhead--style-default  dtr-radius--round\">\r\n        <div class=\"dtr-icon dtr-iconhead__icon\">\r\n                                 <i class=\"icon-pencil-fill\" aria-hidden=\"true\"><\/i>\r\n                         <\/div>\r\n                        \t<p class=\"dtr-iconhead__heading\">Sistema Visual para Redes<\/p>\r\n                        <\/div>\r\n\t\t\t\t<\/div>\n\t\t\t\t<\/div>\n\t\t\t\t<div class=\"elementor-element elementor-element-40182b8 elementor-widget elementor-widget-text-editor\" data-id=\"40182b8\" data-element_type=\"widget\" data-widget_type=\"text-editor.default\">\n\t\t\t\t\t\t\t\t\t<p data-start=\"772\" data-end=\"922\">Nuestros Dise\u00f1os, paleta de colores, tipograf\u00edas y recursos gr\u00e1ficos son adaptados a cada plataforma. Todo bajo una l\u00ednea est\u00e9tica s\u00f3lida y funcional.<\/p>\t\t\t\t\t\t\t\t<\/div>\n\t\t\t\t<\/div>\n\t\t\t\t<\/div>\n\t\t\t\t<\/div>\n\t\t<div class=\"elementor-element elementor-element-baef1a1 e-con-full e-flex e-con e-child\" data-id=\"baef1a1\" data-element_type=\"container\">\n\t\t\t\t<div class=\"elementor-element elementor-element-8758f8f elementor-align-center elementor-widget elementor-widget-dtr-heading\" data-id=\"8758f8f\" data-element_type=\"widget\" data-widget_type=\"dtr-heading.default\">\n\t\t\t\t<div class=\"elementor-widget-container\">\n\t\t\t\t\t\t\t<div class=\"dtr-heading-wrapper\">\r\n                \t<h5 class=\"dtr-heading\">Hablemos de tu Proyecto.<\/h5>\r\n        \t\t<\/div>\r\n\t\t\t\t<\/div>\n\t\t\t\t<\/div>\n\t\t\t\t<div class=\"elementor-element elementor-element-8f5b660 elementor-widget elementor-widget-button\" data-id=\"8f5b660\" data-element_type=\"widget\" data-widget_type=\"button.default\">\n\t\t\t\t\t\t\t\t\t\t<a class=\"elementor-button elementor-button-link elementor-size-sm\" href=\"https:\/\/wa.link\/cj7p6t\">\n\t\t\t\t\t\t<span class=\"elementor-button-content-wrapper\">\n\t\t\t\t\t\t\t\t\t<span class=\"elementor-button-text\">CONTACTANOS<\/span>\n\t\t\t\t\t<\/span>\n\t\t\t\t\t<\/a>\n\t\t\t\t\t\t\t\t<\/div>\n\t\t\t\t<\/div>\n\t\t\t\t\t<\/div>\n\t\t\t\t<\/div>\n\t\t\t\t<\/div>\n\t\t","protected":false},"excerpt":{"rendered":"<p>Dise\u00f1o de contenido para redes sociales con identidad y estrategia visual Creamos contenido visual atractivo y coherente con la identidad de tu marca para destacar en redes sociales. Cada dise\u00f1o est\u00e1 pensado estrat\u00e9gicamente para conectar con tu audiencia, generar recordaci\u00f3n y transmitir profesionalismo en cada publicaci\u00f3n. Dise\u00f1os para Redes Sociales Dise\u00f1os para promociones, lanzamientos y [&hellip;]<\/p>\n","protected":false},"author":1,"featured_media":0,"parent":0,"menu_order":0,"comment_status":"closed","ping_status":"closed","template":"","meta":{"footnotes":""},"class_list":["post-2966","page","type-page","status-publish","hentry"],"_links":{"self":[{"href":"https:\/\/w7estudio.com\/index.php\/wp-json\/wp\/v2\/pages\/2966","targetHints":{"allow":["GET"]}}],"collection":[{"href":"https:\/\/w7estudio.com\/index.php\/wp-json\/wp\/v2\/pages"}],"about":[{"href":"https:\/\/w7estudio.com\/index.php\/wp-json\/wp\/v2\/types\/page"}],"author":[{"embeddable":true,"href":"https:\/\/w7estudio.com\/index.php\/wp-json\/wp\/v2\/users\/1"}],"replies":[{"embeddable":true,"href":"https:\/\/w7estudio.com\/index.php\/wp-json\/wp\/v2\/comments?post=2966"}],"version-history":[{"count":15,"href":"https:\/\/w7estudio.com\/index.php\/wp-json\/wp\/v2\/pages\/2966\/revisions"}],"predecessor-version":[{"id":4035,"href":"https:\/\/w7estudio.com\/index.php\/wp-json\/wp\/v2\/pages\/2966\/revisions\/4035"}],"wp:attachment":[{"href":"https:\/\/w7estudio.com\/index.php\/wp-json\/wp\/v2\/media?parent=2966"}],"curies":[{"name":"wp","href":"https:\/\/api.w.org\/{rel}","templated":true}]}}