{"id":2970,"date":"2025-06-05T10:20:11","date_gmt":"2025-06-05T04:50:11","guid":{"rendered":"https:\/\/tanshcreative.com\/mellow-wp\/?page_id=2970"},"modified":"2025-07-19T14:23:55","modified_gmt":"2025-07-19T19:23:55","slug":"desarrollo-web","status":"publish","type":"page","link":"https:\/\/w7estudio.com\/index.php\/desarrollo-web\/","title":{"rendered":"Desarrollo Web"},"content":{"rendered":"\t\t<div data-elementor-type=\"wp-page\" data-elementor-id=\"2970\" class=\"elementor elementor-2970\" data-elementor-post-type=\"page\">\n\t\t\t\t<div class=\"elementor-element elementor-element-06b01b5 e-flex e-con-boxed e-con e-parent\" data-id=\"06b01b5\" data-element_type=\"container\">\n\t\t\t\t\t<div class=\"e-con-inner\">\n\t\t<div class=\"elementor-element elementor-element-9eb7c7a e-con-full e-flex e-con e-child\" data-id=\"9eb7c7a\" data-element_type=\"container\">\n\t\t\t\t<div class=\"elementor-element elementor-element-8fad382 elementor-align-left elementor-widget elementor-widget-dtr-heading\" data-id=\"8fad382\" data-element_type=\"widget\" data-widget_type=\"dtr-heading.default\">\n\t\t\t\t<div class=\"elementor-widget-container\">\n\t\t\t\t\t\t\t<div class=\"dtr-heading-wrapper\">\r\n                \t<h2 class=\"dtr-heading\">EL DESARROLLO WEB ES LA HERRAMIENTA PARA DARLE VIDA A TU MARCA EN INTERNET.<\/h2>\r\n        \t\t<\/div>\r\n\t\t\t\t<\/div>\n\t\t\t\t<\/div>\n\t\t\t\t<\/div>\n\t\t<div class=\"elementor-element elementor-element-c7d747a e-con-full e-flex e-con e-child\" data-id=\"c7d747a\" data-element_type=\"container\">\n\t\t<div class=\"elementor-element elementor-element-0b45888 e-con-full e-flex e-con e-child\" data-id=\"0b45888\" data-element_type=\"container\">\n\t\t\t\t<div class=\"elementor-element elementor-element-3ec163e elementor-widget elementor-widget-image\" data-id=\"3ec163e\" data-element_type=\"widget\" data-widget_type=\"image.default\">\n\t\t\t\t\t\t\t\t\t\t\t\t\t\t\t<img fetchpriority=\"high\" decoding=\"async\" width=\"2560\" height=\"1707\" src=\"https:\/\/w7estudio.com\/wp-content\/uploads\/2025\/07\/desarrollo-web-scaled.jpg\" class=\"attachment-full size-full wp-image-4010\" alt=\"\" srcset=\"https:\/\/w7estudio.com\/wp-content\/uploads\/2025\/07\/desarrollo-web-scaled.jpg 2560w, https:\/\/w7estudio.com\/wp-content\/uploads\/2025\/07\/desarrollo-web-300x200.jpg 300w, https:\/\/w7estudio.com\/wp-content\/uploads\/2025\/07\/desarrollo-web-1024x683.jpg 1024w, https:\/\/w7estudio.com\/wp-content\/uploads\/2025\/07\/desarrollo-web-768x512.jpg 768w, https:\/\/w7estudio.com\/wp-content\/uploads\/2025\/07\/desarrollo-web-1536x1024.jpg 1536w, https:\/\/w7estudio.com\/wp-content\/uploads\/2025\/07\/desarrollo-web-2048x1365.jpg 2048w\" sizes=\"(max-width: 2560px) 100vw, 2560px\" \/>\t\t\t\t\t\t\t\t\t\t\t\t\t\t\t<\/div>\n\t\t\t\t<\/div>\n\t\t<div class=\"elementor-element elementor-element-f806ef9 e-con-full e-flex e-con e-child\" data-id=\"f806ef9\" data-element_type=\"container\">\n\t\t\t\t<div class=\"elementor-element elementor-element-bc842ef elementor-align-left elementor-widget elementor-widget-dtr-heading\" data-id=\"bc842ef\" data-element_type=\"widget\" data-widget_type=\"dtr-heading.default\">\n\t\t\t\t<div class=\"elementor-widget-container\">\n\t\t\t\t\t\t\t<div class=\"dtr-heading-wrapper\">\r\n                \t<h5 class=\"dtr-heading\">El desarrollo web es el proceso de construir y optimizar sitios para que sean funcionales, atractivos y est\u00e9n alineados con tu identidad de marca.<\/h5>\r\n        \t\t<\/div>\r\n\t\t\t\t<\/div>\n\t\t\t\t<\/div>\n\t\t\t\t<div class=\"elementor-element elementor-element-e026f94 elementor-widget elementor-widget-text-editor\" data-id=\"e026f94\" data-element_type=\"widget\" data-widget_type=\"text-editor.default\">\n\t\t\t\t\t\t\t\t\t<p>Creamos sitios que no solo lucen incre\u00edbles, sino que tambi\u00e9n cargan r\u00e1pido, se adaptan a cualquier dispositivo y comunican claramente qui\u00e9n eres. Tu p\u00e1gina web se convierte en tu mejor carta de presentaci\u00f3n digital.<\/p>\t\t\t\t\t\t\t\t<\/div>\n\t\t\t\t<div class=\"elementor-element elementor-element-7a13c84 elementor-widget elementor-widget-dtr-icon-list\" data-id=\"7a13c84\" data-element_type=\"widget\" data-widget_type=\"dtr-icon-list.default\">\n\t\t\t\t<div class=\"elementor-widget-container\">\n\t\t\t\t\t        <ul class=\"dtr-icon-list dtr-icon-list--icon-default\">\r\n                            <li class=\"dtr-icon-list__list-item\">\r\n                                        <span class=\"dtr-icon dtr-icon-list__icon\">\r\n                                        \t<i class=\"icon-check2-circle\"><\/i>\r\n                                        <\/span>\r\n                     <span class=\"dtr-icon-list__list-text\">Estructura clara y f\u00e1cil de navegar<\/span>\r\n                                    <\/li>\r\n                            <li class=\"dtr-icon-list__list-item\">\r\n                                        <span class=\"dtr-icon dtr-icon-list__icon\">\r\n                                        \t<i class=\"icon-check2-circle\"><\/i>\r\n                                        <\/span>\r\n                     <span class=\"dtr-icon-list__list-text\">Dise\u00f1o adaptable a todos los dispositivos<\/span>\r\n                                    <\/li>\r\n                            <li class=\"dtr-icon-list__list-item\">\r\n                                        <span class=\"dtr-icon dtr-icon-list__icon\">\r\n                                        \t<i class=\"icon-check2-circle\"><\/i>\r\n                                        <\/span>\r\n                     <span class=\"dtr-icon-list__list-text\">Funcionalidad alineada con tus objetivos<\/span>\r\n                                    <\/li>\r\n                    <\/ul>\r\n\t\t\t\t<\/div>\n\t\t\t\t<\/div>\n\t\t\t\t<\/div>\n\t\t\t\t<\/div>\n\t\t<div class=\"elementor-element elementor-element-f45e6ed e-grid e-con-full e-con e-child\" data-id=\"f45e6ed\" data-element_type=\"container\">\n\t\t\t\t<div class=\"elementor-element elementor-element-4e452d8 elementor-align-left elementor-widget elementor-widget-dtr-heading\" data-id=\"4e452d8\" data-element_type=\"widget\" data-widget_type=\"dtr-heading.default\">\n\t\t\t\t<div class=\"elementor-widget-container\">\n\t\t\t\t\t\t\t<div class=\"dtr-heading-wrapper\">\r\n                \t<h3 class=\"dtr-heading\">Ventajas de tener una P\u00e1gina Web:<\/h3>\r\n        \t\t<\/div>\r\n\t\t\t\t<\/div>\n\t\t\t\t<\/div>\n\t\t\t\t<\/div>\n\t\t<div class=\"elementor-element elementor-element-730e359 e-grid e-con-full e-con e-child\" data-id=\"730e359\" data-element_type=\"container\">\n\t\t<div class=\"elementor-element elementor-element-b3ee4d1 e-con-full e-grid e-con e-child\" data-id=\"b3ee4d1\" data-element_type=\"container\">\n\t\t<div class=\"elementor-element elementor-element-397945f e-con-full e-flex e-con e-child\" data-id=\"397945f\" data-element_type=\"container\">\n\t\t\t\t<div class=\"elementor-element elementor-element-3b3b196 elementor-widget elementor-widget-dtr-iconhead\" data-id=\"3b3b196\" data-element_type=\"widget\" data-widget_type=\"dtr-iconhead.default\">\n\t\t\t\t<div class=\"elementor-widget-container\">\n\t\t\t\t\t        <div class=\"dtr-iconhead dtr-iconhead--align-left dtr-iconhead--style-default  dtr-radius--round\">\r\n        <div class=\"dtr-icon dtr-iconhead__icon\">\r\n                                 <i class=\"icon-box-fill\" aria-hidden=\"true\"><\/i>\r\n                         <\/div>\r\n                        \t<p class=\"dtr-iconhead__heading\">Estructura del Sitio<\/p>\r\n                        <\/div>\r\n\t\t\t\t<\/div>\n\t\t\t\t<\/div>\n\t\t\t\t<div class=\"elementor-element elementor-element-4ecd589 elementor-widget elementor-widget-text-editor\" data-id=\"4ecd589\" data-element_type=\"widget\" data-widget_type=\"text-editor.default\">\n\t\t\t\t\t\t\t\t\t<p>Creamos la base de tu p\u00e1gina pensando en que cada secci\u00f3n tenga sentido y el usuario pueda moverse de forma natural.<\/p>\t\t\t\t\t\t\t\t<\/div>\n\t\t\t\t<\/div>\n\t\t<div class=\"elementor-element elementor-element-db2a055 e-con-full e-flex e-con e-child\" data-id=\"db2a055\" data-element_type=\"container\">\n\t\t\t\t<div class=\"elementor-element elementor-element-c8c3ecb elementor-widget elementor-widget-dtr-iconhead\" data-id=\"c8c3ecb\" data-element_type=\"widget\" data-widget_type=\"dtr-iconhead.default\">\n\t\t\t\t<div class=\"elementor-widget-container\">\n\t\t\t\t\t        <div class=\"dtr-iconhead dtr-iconhead--align-left dtr-iconhead--style-default  dtr-radius--round\">\r\n        <div class=\"dtr-icon dtr-iconhead__icon\">\r\n                                 <i class=\"icon-person-fill\" aria-hidden=\"true\"><\/i>\r\n                         <\/div>\r\n                        \t<p class=\"dtr-iconhead__heading\">Navegaci\u00f3n Intuitiva<\/p>\r\n                        <\/div>\r\n\t\t\t\t<\/div>\n\t\t\t\t<\/div>\n\t\t\t\t<div class=\"elementor-element elementor-element-1486d00 elementor-widget elementor-widget-text-editor\" data-id=\"1486d00\" data-element_type=\"widget\" data-widget_type=\"text-editor.default\">\n\t\t\t\t\t\t\t\t\t<p>Desarrollamos un sitio que se siente familiar desde el primer clic. Todo est\u00e1 donde el usuario espera encontrarlo.<\/p>\t\t\t\t\t\t\t\t<\/div>\n\t\t\t\t<\/div>\n\t\t\t\t<\/div>\n\t\t<div class=\"elementor-element elementor-element-3ceaa7c e-con-full e-grid e-con e-child\" data-id=\"3ceaa7c\" data-element_type=\"container\">\n\t\t<div class=\"elementor-element elementor-element-c0b04fd e-con-full e-flex e-con e-child\" data-id=\"c0b04fd\" data-element_type=\"container\">\n\t\t\t\t<div class=\"elementor-element elementor-element-0d2c85e elementor-widget elementor-widget-dtr-iconhead\" data-id=\"0d2c85e\" data-element_type=\"widget\" data-widget_type=\"dtr-iconhead.default\">\n\t\t\t\t<div class=\"elementor-widget-container\">\n\t\t\t\t\t        <div class=\"dtr-iconhead dtr-iconhead--align-left dtr-iconhead--style-default  dtr-radius--round\">\r\n        <div class=\"dtr-icon dtr-iconhead__icon\">\r\n                                 <i class=\"icon-bullseye\" aria-hidden=\"true\"><\/i>\r\n                         <\/div>\r\n                        \t<p class=\"dtr-iconhead__heading\">Dise\u00f1o Responsivo<\/p>\r\n                        <\/div>\r\n\t\t\t\t<\/div>\n\t\t\t\t<\/div>\n\t\t\t\t<div class=\"elementor-element elementor-element-c19dfc1 elementor-widget elementor-widget-text-editor\" data-id=\"c19dfc1\" data-element_type=\"widget\" data-widget_type=\"text-editor.default\">\n\t\t\t\t\t\t\t\t\t<p data-start=\"477\" data-end=\"589\">Tu web se adapta a cualquier pantalla: celular, tablet o computador. Siempre se ver\u00e1 bien y funcionar\u00e1 perfecto.<\/p>\t\t\t\t\t\t\t\t<\/div>\n\t\t\t\t<\/div>\n\t\t<div class=\"elementor-element elementor-element-0067879 e-con-full e-flex e-con e-child\" data-id=\"0067879\" data-element_type=\"container\">\n\t\t\t\t<div class=\"elementor-element elementor-element-e7b4bc4 elementor-widget elementor-widget-dtr-iconhead\" data-id=\"e7b4bc4\" data-element_type=\"widget\" data-widget_type=\"dtr-iconhead.default\">\n\t\t\t\t<div class=\"elementor-widget-container\">\n\t\t\t\t\t        <div class=\"dtr-iconhead dtr-iconhead--align-left dtr-iconhead--style-default  dtr-radius--round\">\r\n        <div class=\"dtr-icon dtr-iconhead__icon\">\r\n                                 <i class=\"icon-pencil-fill\" aria-hidden=\"true\"><\/i>\r\n                         <\/div>\r\n                        \t<p class=\"dtr-iconhead__heading\">Funcionalidad Real<\/p>\r\n                        <\/div>\r\n\t\t\t\t<\/div>\n\t\t\t\t<\/div>\n\t\t\t\t<div class=\"elementor-element elementor-element-134aa1e elementor-widget elementor-widget-text-editor\" data-id=\"134aa1e\" data-element_type=\"widget\" data-widget_type=\"text-editor.default\">\n\t\t\t\t\t\t\t\t\t<p data-start=\"624\" data-end=\"751\">M\u00e1s que una p\u00e1gina bonita, creamos una web que trabaja para ti: r\u00e1pida, conectada y lista para convertir visitas en resultados.<\/p>\t\t\t\t\t\t\t\t<\/div>\n\t\t\t\t<\/div>\n\t\t\t\t<\/div>\n\t\t\t\t<\/div>\n\t\t<div class=\"elementor-element elementor-element-a287caa e-con-full e-flex e-con e-child\" data-id=\"a287caa\" data-element_type=\"container\">\n\t\t\t\t<div class=\"elementor-element elementor-element-ee92acb elementor-align-center elementor-widget elementor-widget-dtr-heading\" data-id=\"ee92acb\" data-element_type=\"widget\" data-widget_type=\"dtr-heading.default\">\n\t\t\t\t<div class=\"elementor-widget-container\">\n\t\t\t\t\t\t\t<div class=\"dtr-heading-wrapper\">\r\n                \t<h5 class=\"dtr-heading\">Hablemos de tu Proyecto.<\/h5>\r\n        \t\t<\/div>\r\n\t\t\t\t<\/div>\n\t\t\t\t<\/div>\n\t\t\t\t<div class=\"elementor-element elementor-element-f63790c elementor-widget elementor-widget-button\" data-id=\"f63790c\" data-element_type=\"widget\" data-widget_type=\"button.default\">\n\t\t\t\t\t\t\t\t\t\t<a class=\"elementor-button elementor-button-link elementor-size-sm\" href=\"https:\/\/wa.link\/cj7p6t\">\n\t\t\t\t\t\t<span class=\"elementor-button-content-wrapper\">\n\t\t\t\t\t\t\t\t\t<span class=\"elementor-button-text\">CONTACTANOS<\/span>\n\t\t\t\t\t<\/span>\n\t\t\t\t\t<\/a>\n\t\t\t\t\t\t\t\t<\/div>\n\t\t\t\t<\/div>\n\t\t\t\t\t<\/div>\n\t\t\t\t<\/div>\n\t\t\t\t<\/div>\n\t\t","protected":false},"excerpt":{"rendered":"<p>EL DESARROLLO WEB ES LA HERRAMIENTA PARA DARLE VIDA A TU MARCA EN INTERNET. El desarrollo web es el proceso de construir y optimizar sitios para que sean funcionales, atractivos y est\u00e9n alineados con tu identidad de marca. Creamos sitios que no solo lucen incre\u00edbles, sino que tambi\u00e9n cargan r\u00e1pido, se adaptan a cualquier dispositivo [&hellip;]<\/p>\n","protected":false},"author":1,"featured_media":0,"parent":0,"menu_order":0,"comment_status":"closed","ping_status":"closed","template":"","meta":{"footnotes":""},"class_list":["post-2970","page","type-page","status-publish","hentry"],"_links":{"self":[{"href":"https:\/\/w7estudio.com\/index.php\/wp-json\/wp\/v2\/pages\/2970","targetHints":{"allow":["GET"]}}],"collection":[{"href":"https:\/\/w7estudio.com\/index.php\/wp-json\/wp\/v2\/pages"}],"about":[{"href":"https:\/\/w7estudio.com\/index.php\/wp-json\/wp\/v2\/types\/page"}],"author":[{"embeddable":true,"href":"https:\/\/w7estudio.com\/index.php\/wp-json\/wp\/v2\/users\/1"}],"replies":[{"embeddable":true,"href":"https:\/\/w7estudio.com\/index.php\/wp-json\/wp\/v2\/comments?post=2970"}],"version-history":[{"count":6,"href":"https:\/\/w7estudio.com\/index.php\/wp-json\/wp\/v2\/pages\/2970\/revisions"}],"predecessor-version":[{"id":4013,"href":"https:\/\/w7estudio.com\/index.php\/wp-json\/wp\/v2\/pages\/2970\/revisions\/4013"}],"wp:attachment":[{"href":"https:\/\/w7estudio.com\/index.php\/wp-json\/wp\/v2\/media?parent=2970"}],"curies":[{"name":"wp","href":"https:\/\/api.w.org\/{rel}","templated":true}]}}